{"id":305,"date":"2021-06-14T15:06:29","date_gmt":"2021-06-14T13:06:29","guid":{"rendered":"https:\/\/www.epi-gmbh.com\/product-groups\/"},"modified":"2022-01-25T11:47:03","modified_gmt":"2022-01-25T09:47:03","slug":"product-groups","status":"publish","type":"page","link":"https:\/\/www.epi-gmbh.com\/en\/product-groups\/","title":{"rendered":"Product groups"},"content":{"rendered":"\t\t<div data-elementor-type=\"wp-page\" data-elementor-id=\"305\" class=\"elementor elementor-305 elementor-25\" data-elementor-post-type=\"page\">\n\t\t\t\t\t\t<section class=\"elementor-section elementor-top-section elementor-element elementor-element-e8990b6 elementor-section-boxed elementor-section-height-default elementor-section-height-default\" data-id=\"e8990b6\" data-element_type=\"section\" data-e-type=\"section\">\n\t\t\t\t\t\t<div class=\"elementor-container elementor-column-gap-default\">\n\t\t\t\t\t<div class=\"elementor-column elementor-col-100 elementor-top-column elementor-element elementor-element-e7734df\" data-id=\"e7734df\" data-element_type=\"column\" data-e-type=\"column\">\n\t\t\t<div class=\"elementor-widget-wrap elementor-element-populated\">\n\t\t\t\t\t\t<div class=\"elementor-element elementor-element-49b96cf elementor-widget elementor-widget-text-editor\" data-id=\"49b96cf\" data-element_type=\"widget\" data-e-type=\"widget\" data-widget_type=\"text-editor.default\">\n\t\t\t\t<div class=\"elementor-widget-container\">\n\t\t\t\t\t\t\t\t\t<h1>Product groups<\/h1>\n\t\t\t\t\t\t\t\t<\/div>\n\t\t\t\t<\/div>\n\t\t\t\t\t<\/div>\n\t\t<\/div>\n\t\t\t\t\t<\/div>\n\t\t<\/section>\n\t\t\t\t<section class=\"elementor-section elementor-top-section elementor-element elementor-element-5eca8c6 elementor-section-boxed elementor-section-height-default elementor-section-height-default\" data-id=\"5eca8c6\" data-element_type=\"section\" data-e-type=\"section\">\n\t\t\t\t\t\t<div class=\"elementor-container elementor-column-gap-default\">\n\t\t\t\t\t<div class=\"elementor-column elementor-col-50 elementor-top-column elementor-element elementor-element-11a8983\" data-id=\"11a8983\" data-element_type=\"column\" data-e-type=\"column\">\n\t\t\t<div class=\"elementor-widget-wrap elementor-element-populated\">\n\t\t\t\t\t\t<div class=\"elementor-element elementor-element-89fcbad elementor-widget elementor-widget-image\" data-id=\"89fcbad\" data-element_type=\"widget\" data-e-type=\"widget\" data-widget_type=\"image.default\">\n\t\t\t\t<div class=\"elementor-widget-container\">\n\t\t\t\t\t\t\t\t\t\t\t\t<figure class=\"wp-caption\">\n\t\t\t\t\t\t\t\t\t\t\t<a href=\"https:\/\/www.epi-gmbh.com\/en\/product-groups\/interconnecting-piping-machine-piping\/\">\n\t\t\t\t\t\t\t<img fetchpriority=\"high\" decoding=\"async\" width=\"1024\" height=\"652\" src=\"https:\/\/www.epi-gmbh.com\/wp-content\/uploads\/Kellerverrohrung-1024x652.jpg\" class=\"attachment-large size-large wp-image-1020\" alt=\"3D Kellerverrohrung\" srcset=\"https:\/\/www.epi-gmbh.com\/wp-content\/uploads\/Kellerverrohrung-1024x652.jpg 1024w, https:\/\/www.epi-gmbh.com\/wp-content\/uploads\/Kellerverrohrung-300x191.jpg 300w, https:\/\/www.epi-gmbh.com\/wp-content\/uploads\/Kellerverrohrung-768x489.jpg 768w, https:\/\/www.epi-gmbh.com\/wp-content\/uploads\/Kellerverrohrung-600x382.jpg 600w, https:\/\/www.epi-gmbh.com\/wp-content\/uploads\/Kellerverrohrung.jpg 1244w\" sizes=\"(max-width: 1024px) 100vw, 1024px\" \/>\t\t\t\t\t\t\t\t<\/a>\n\t\t\t\t\t\t\t\t\t\t\t<figcaption class=\"widget-image-caption wp-caption-text\">Interconnecting Piping<\/figcaption>\n\t\t\t\t\t\t\t\t\t\t<\/figure>\n\t\t\t\t\t\t\t\t\t<\/div>\n\t\t\t\t<\/div>\n\t\t\t\t\t<\/div>\n\t\t<\/div>\n\t\t\t\t<div class=\"elementor-column elementor-col-50 elementor-top-column elementor-element elementor-element-96944bf\" data-id=\"96944bf\" data-element_type=\"column\" data-e-type=\"column\">\n\t\t\t<div class=\"elementor-widget-wrap elementor-element-populated\">\n\t\t\t\t\t\t<div class=\"elementor-element elementor-element-84fb0fc elementor-widget elementor-widget-image\" data-id=\"84fb0fc\" data-element_type=\"widget\" data-e-type=\"widget\" data-widget_type=\"image.default\">\n\t\t\t\t<div class=\"elementor-widget-container\">\n\t\t\t\t\t\t\t\t\t\t\t\t<figure class=\"wp-caption\">\n\t\t\t\t\t\t\t\t\t\t\t<a href=\"https:\/\/www.epi-gmbh.com\/en\/machinery-piping\/\">\n\t\t\t\t\t\t\t<img decoding=\"async\" width=\"1024\" height=\"723\" src=\"https:\/\/www.epi-gmbh.com\/wp-content\/uploads\/Geruest-1024x723.jpg\" class=\"attachment-large size-large wp-image-1011\" alt=\"3D Ger\u00fcstverrohrung\" srcset=\"https:\/\/www.epi-gmbh.com\/wp-content\/uploads\/Geruest-1024x723.jpg 1024w, https:\/\/www.epi-gmbh.com\/wp-content\/uploads\/Geruest-300x212.jpg 300w, https:\/\/www.epi-gmbh.com\/wp-content\/uploads\/Geruest-768x542.jpg 768w, https:\/\/www.epi-gmbh.com\/wp-content\/uploads\/Geruest-600x423.jpg 600w, https:\/\/www.epi-gmbh.com\/wp-content\/uploads\/Geruest.jpg 1098w\" sizes=\"(max-width: 1024px) 100vw, 1024px\" \/>\t\t\t\t\t\t\t\t<\/a>\n\t\t\t\t\t\t\t\t\t\t\t<figcaption class=\"widget-image-caption wp-caption-text\">Machinery Piping<\/figcaption>\n\t\t\t\t\t\t\t\t\t\t<\/figure>\n\t\t\t\t\t\t\t\t\t<\/div>\n\t\t\t\t<\/div>\n\t\t\t\t\t<\/div>\n\t\t<\/div>\n\t\t\t\t\t<\/div>\n\t\t<\/section>\n\t\t\t\t<section class=\"elementor-section elementor-top-section elementor-element elementor-element-eda267d elementor-section-boxed elementor-section-height-default elementor-section-height-default\" data-id=\"eda267d\" data-element_type=\"section\" data-e-type=\"section\">\n\t\t\t\t\t\t<div class=\"elementor-container elementor-column-gap-default\">\n\t\t\t\t\t<div class=\"elementor-column elementor-col-50 elementor-top-column elementor-element elementor-element-540abd6\" data-id=\"540abd6\" data-element_type=\"column\" data-e-type=\"column\">\n\t\t\t<div class=\"elementor-widget-wrap elementor-element-populated\">\n\t\t\t\t\t\t<div class=\"elementor-element elementor-element-7c89605 elementor-widget elementor-widget-image\" data-id=\"7c89605\" data-element_type=\"widget\" data-e-type=\"widget\" data-widget_type=\"image.default\">\n\t\t\t\t<div class=\"elementor-widget-container\">\n\t\t\t\t\t\t\t\t\t\t\t\t<figure class=\"wp-caption\">\n\t\t\t\t\t\t\t\t\t\t\t<a href=\"https:\/\/www.epi-gmbh.com\/en\/product-groups\/special-piping-foundation-steel-construction\/\">\n\t\t\t\t\t\t\t<img decoding=\"async\" width=\"640\" height=\"379\" src=\"https:\/\/www.epi-gmbh.com\/wp-content\/uploads\/Inspection_Stand_StB_gross.jpg\" class=\"attachment-large size-large wp-image-259\" alt=\"Inspection Stand 3D Drawing\" srcset=\"https:\/\/www.epi-gmbh.com\/wp-content\/uploads\/Inspection_Stand_StB_gross.jpg 640w, https:\/\/www.epi-gmbh.com\/wp-content\/uploads\/Inspection_Stand_StB_gross-300x178.jpg 300w, https:\/\/www.epi-gmbh.com\/wp-content\/uploads\/Inspection_Stand_StB_gross-600x355.jpg 600w\" sizes=\"(max-width: 640px) 100vw, 640px\" \/>\t\t\t\t\t\t\t\t<\/a>\n\t\t\t\t\t\t\t\t\t\t\t<figcaption class=\"widget-image-caption wp-caption-text\">Special Piping \/ Foundation<\/figcaption>\n\t\t\t\t\t\t\t\t\t\t<\/figure>\n\t\t\t\t\t\t\t\t\t<\/div>\n\t\t\t\t<\/div>\n\t\t\t\t\t<\/div>\n\t\t<\/div>\n\t\t\t\t<div class=\"elementor-column elementor-col-50 elementor-top-column elementor-element elementor-element-52fac9d\" data-id=\"52fac9d\" data-element_type=\"column\" data-e-type=\"column\">\n\t\t\t<div class=\"elementor-widget-wrap elementor-element-populated\">\n\t\t\t\t\t\t<div class=\"elementor-element elementor-element-a8a8479 elementor-widget elementor-widget-image\" data-id=\"a8a8479\" data-element_type=\"widget\" data-e-type=\"widget\" data-widget_type=\"image.default\">\n\t\t\t\t<div class=\"elementor-widget-container\">\n\t\t\t\t\t\t\t\t\t\t\t\t<figure class=\"wp-caption\">\n\t\t\t\t\t\t\t\t\t\t\t<a href=\"https:\/\/www.epi-gmbh.com\/en\/steel-platforms-special-supports\/\">\n\t\t\t\t\t\t\t<img loading=\"lazy\" decoding=\"async\" width=\"1024\" height=\"640\" src=\"https:\/\/www.epi-gmbh.com\/wp-content\/uploads\/Stahlbau_08-1024x640.jpg\" class=\"attachment-large size-large wp-image-942\" alt=\"Stahlbaub\u00fchne f\u00fcr W\u00e4scher\" srcset=\"https:\/\/www.epi-gmbh.com\/wp-content\/uploads\/Stahlbau_08-1024x640.jpg 1024w, https:\/\/www.epi-gmbh.com\/wp-content\/uploads\/Stahlbau_08-300x188.jpg 300w, https:\/\/www.epi-gmbh.com\/wp-content\/uploads\/Stahlbau_08-768x480.jpg 768w, https:\/\/www.epi-gmbh.com\/wp-content\/uploads\/Stahlbau_08-1536x960.jpg 1536w, https:\/\/www.epi-gmbh.com\/wp-content\/uploads\/Stahlbau_08-600x375.jpg 600w, https:\/\/www.epi-gmbh.com\/wp-content\/uploads\/Stahlbau_08.jpg 1920w\" sizes=\"(max-width: 1024px) 100vw, 1024px\" \/>\t\t\t\t\t\t\t\t<\/a>\n\t\t\t\t\t\t\t\t\t\t\t<figcaption class=\"widget-image-caption wp-caption-text\">Steel Platforms, Special Supports<\/figcaption>\n\t\t\t\t\t\t\t\t\t\t<\/figure>\n\t\t\t\t\t\t\t\t\t<\/div>\n\t\t\t\t<\/div>\n\t\t\t\t\t<\/div>\n\t\t<\/div>\n\t\t\t\t\t<\/div>\n\t\t<\/section>\n\t\t\t\t<section class=\"elementor-section elementor-top-section elementor-element elementor-element-4d4580d elementor-section-boxed elementor-section-height-default elementor-section-height-default\" data-id=\"4d4580d\" data-element_type=\"section\" data-e-type=\"section\">\n\t\t\t\t\t\t<div class=\"elementor-container elementor-column-gap-default\">\n\t\t\t\t\t<div class=\"elementor-column elementor-col-50 elementor-top-column elementor-element elementor-element-8d5857b\" data-id=\"8d5857b\" data-element_type=\"column\" data-e-type=\"column\">\n\t\t\t<div class=\"elementor-widget-wrap\">\n\t\t\t\t\t\t\t<\/div>\n\t\t<\/div>\n\t\t\t\t<div class=\"elementor-column elementor-col-50 elementor-top-column elementor-element elementor-element-06c06b8\" data-id=\"06c06b8\" data-element_type=\"column\" data-e-type=\"column\">\n\t\t\t<div class=\"elementor-widget-wrap\">\n\t\t\t\t\t\t\t<\/div>\n\t\t<\/div>\n\t\t\t\t\t<\/div>\n\t\t<\/section>\n\t\t\t\t<section class=\"elementor-section elementor-top-section elementor-element elementor-element-2b618eb elementor-section-boxed elementor-section-height-default elementor-section-height-default\" data-id=\"2b618eb\" data-element_type=\"section\" data-e-type=\"section\">\n\t\t\t\t\t\t<div class=\"elementor-container elementor-column-gap-default\">\n\t\t\t\t\t<div class=\"elementor-column elementor-col-50 elementor-top-column elementor-element elementor-element-129a4f9\" data-id=\"129a4f9\" data-element_type=\"column\" data-e-type=\"column\">\n\t\t\t<div class=\"elementor-widget-wrap elementor-element-populated\">\n\t\t\t\t\t\t<div class=\"elementor-element elementor-element-07722c7 elementor-widget elementor-widget-image\" data-id=\"07722c7\" data-element_type=\"widget\" data-e-type=\"widget\" data-widget_type=\"image.default\">\n\t\t\t\t<div class=\"elementor-widget-container\">\n\t\t\t\t\t\t\t\t\t\t\t\t<figure class=\"wp-caption\">\n\t\t\t\t\t\t\t\t\t\t\t<a href=\"https:\/\/www.epi-gmbh.com\/en\/calculation-of-pipe-systems-rohr2\/\">\n\t\t\t\t\t\t\t<img loading=\"lazy\" decoding=\"async\" width=\"1024\" height=\"654\" src=\"https:\/\/www.epi-gmbh.com\/wp-content\/uploads\/BerechnungsIsometrie-1024x654.jpg\" class=\"attachment-large size-large wp-image-949\" alt=\"Berechnungsisometrie Rohr2\" srcset=\"https:\/\/www.epi-gmbh.com\/wp-content\/uploads\/BerechnungsIsometrie-1024x654.jpg 1024w, https:\/\/www.epi-gmbh.com\/wp-content\/uploads\/BerechnungsIsometrie-300x192.jpg 300w, https:\/\/www.epi-gmbh.com\/wp-content\/uploads\/BerechnungsIsometrie-768x491.jpg 768w, https:\/\/www.epi-gmbh.com\/wp-content\/uploads\/BerechnungsIsometrie-600x383.jpg 600w, https:\/\/www.epi-gmbh.com\/wp-content\/uploads\/BerechnungsIsometrie.jpg 1243w\" sizes=\"(max-width: 1024px) 100vw, 1024px\" \/>\t\t\t\t\t\t\t\t<\/a>\n\t\t\t\t\t\t\t\t\t\t\t<figcaption class=\"widget-image-caption wp-caption-text\">Calculation of Pipe Systems (ROHR2)<\/figcaption>\n\t\t\t\t\t\t\t\t\t\t<\/figure>\n\t\t\t\t\t\t\t\t\t<\/div>\n\t\t\t\t<\/div>\n\t\t\t\t\t<\/div>\n\t\t<\/div>\n\t\t\t\t<div class=\"elementor-column elementor-col-50 elementor-top-column elementor-element elementor-element-572424d\" data-id=\"572424d\" data-element_type=\"column\" data-e-type=\"column\">\n\t\t\t<div class=\"elementor-widget-wrap elementor-element-populated\">\n\t\t\t\t\t\t<div class=\"elementor-element elementor-element-51adf8e elementor-widget elementor-widget-image\" data-id=\"51adf8e\" data-element_type=\"widget\" data-e-type=\"widget\" data-widget_type=\"image.default\">\n\t\t\t\t<div class=\"elementor-widget-container\">\n\t\t\t\t\t\t\t\t\t\t\t\t<figure class=\"wp-caption\">\n\t\t\t\t\t\t\t\t\t\t\t<a href=\"https:\/\/www.epi-gmbh.com\/en\/3d-laser-scanning\/\">\n\t\t\t\t\t\t\t<img loading=\"lazy\" decoding=\"async\" width=\"675\" height=\"419\" src=\"https:\/\/www.epi-gmbh.com\/wp-content\/uploads\/Titelbild.jpg\" class=\"attachment-large size-large wp-image-955\" alt=\"3D Scan Kellerverrohrung\" srcset=\"https:\/\/www.epi-gmbh.com\/wp-content\/uploads\/Titelbild.jpg 675w, https:\/\/www.epi-gmbh.com\/wp-content\/uploads\/Titelbild-300x186.jpg 300w, https:\/\/www.epi-gmbh.com\/wp-content\/uploads\/Titelbild-600x372.jpg 600w\" sizes=\"(max-width: 675px) 100vw, 675px\" \/>\t\t\t\t\t\t\t\t<\/a>\n\t\t\t\t\t\t\t\t\t\t\t<figcaption class=\"widget-image-caption wp-caption-text\">3D Laser Scanning<\/figcaption>\n\t\t\t\t\t\t\t\t\t\t<\/figure>\n\t\t\t\t\t\t\t\t\t<\/div>\n\t\t\t\t<\/div>\n\t\t\t\t\t<\/div>\n\t\t<\/div>\n\t\t\t\t\t<\/div>\n\t\t<\/section>\n\t\t\t\t<section class=\"elementor-section elementor-top-section elementor-element elementor-element-f373baa elementor-section-boxed elementor-section-height-default elementor-section-height-default\" data-id=\"f373baa\" data-element_type=\"section\" data-e-type=\"section\">\n\t\t\t\t\t\t<div class=\"elementor-container elementor-column-gap-default\">\n\t\t\t\t\t<div class=\"elementor-column elementor-col-50 elementor-top-column elementor-element elementor-element-21896a5\" data-id=\"21896a5\" data-element_type=\"column\" data-e-type=\"column\">\n\t\t\t<div class=\"elementor-widget-wrap\">\n\t\t\t\t\t\t\t<\/div>\n\t\t<\/div>\n\t\t\t\t<div class=\"elementor-column elementor-col-50 elementor-top-column elementor-element elementor-element-1474ab8\" data-id=\"1474ab8\" data-element_type=\"column\" data-e-type=\"column\">\n\t\t\t<div class=\"elementor-widget-wrap\">\n\t\t\t\t\t\t\t<\/div>\n\t\t<\/div>\n\t\t\t\t\t<\/div>\n\t\t<\/section>\n\t\t\t\t<\/div>\n\t\t","protected":false},"excerpt":{"rendered":"<p>Product groups Interconnecting Piping Machinery Piping Special Piping \/ Foundation Steel Platforms, Special Supports Calculation of Pipe Systems (ROHR2) 3D Laser Scanning<\/p>\n","protected":false},"author":1,"featured_media":0,"parent":0,"menu_order":30,"comment_status":"closed","ping_status":"closed","template":"","meta":{"footnotes":""},"class_list":["post-305","page","type-page","status-publish","hentry"],"yoast_head":"<!-- This site is optimized with the Yoast SEO plugin v27.5 - https:\/\/yoast.com\/product\/yoast-seo-wordpress\/ -->\n<title>Product groups EPI | EPI Industrieanlagenplanung GmbH<\/title>\n<meta name=\"description\" content=\"Product groups EPI:\u00a0Interconnecting Piping \/ Machine Piping, Special Piping \/ Foundation \/ Steel Construction\" \/>\n<meta name=\"robots\" content=\"index, follow, max-snippet:-1, max-image-preview:large, max-video-preview:-1\" \/>\n<link rel=\"canonical\" href=\"https:\/\/www.epi-gmbh.com\/produktgruppen\/\" \/>\n<meta property=\"og:locale\" content=\"en_US\" \/>\n<meta property=\"og:type\" content=\"article\" \/>\n<meta property=\"og:title\" content=\"Product groups EPI | EPI Industrieanlagenplanung GmbH\" \/>\n<meta property=\"og:description\" content=\"Product groups EPI:\u00a0Interconnecting Piping \/ Machine Piping, Special Piping \/ Foundation \/ Steel Construction\" \/>\n<meta property=\"og:url\" content=\"https:\/\/www.epi-gmbh.com\/produktgruppen\/\" \/>\n<meta property=\"og:site_name\" content=\"EPI Industrieanlagenplanung GmbH\" \/>\n<meta property=\"article:modified_time\" content=\"2022-01-25T09:47:03+00:00\" \/>\n<meta property=\"og:image\" content=\"https:\/\/www.epi-gmbh.com\/wp-content\/uploads\/Kellerverrohrung-1024x652.jpg\" \/>\n<meta name=\"twitter:card\" content=\"summary_large_image\" \/>\n<script type=\"application\/ld+json\" class=\"yoast-schema-graph\">{\"@context\":\"https:\\\/\\\/schema.org\",\"@graph\":[{\"@type\":\"WebPage\",\"@id\":\"https:\\\/\\\/www.epi-gmbh.com\\\/produktgruppen\\\/\",\"url\":\"https:\\\/\\\/www.epi-gmbh.com\\\/produktgruppen\\\/\",\"name\":\"Product groups EPI | EPI Industrieanlagenplanung GmbH\",\"isPartOf\":{\"@id\":\"https:\\\/\\\/www.epi-gmbh.com\\\/#website\"},\"primaryImageOfPage\":{\"@id\":\"https:\\\/\\\/www.epi-gmbh.com\\\/produktgruppen\\\/#primaryimage\"},\"image\":{\"@id\":\"https:\\\/\\\/www.epi-gmbh.com\\\/produktgruppen\\\/#primaryimage\"},\"thumbnailUrl\":\"https:\\\/\\\/www.epi-gmbh.com\\\/wp-content\\\/uploads\\\/Kellerverrohrung-1024x652.jpg\",\"datePublished\":\"2021-06-14T13:06:29+00:00\",\"dateModified\":\"2022-01-25T09:47:03+00:00\",\"description\":\"Product groups EPI:\u00a0Interconnecting Piping \\\/ Machine Piping, Special Piping \\\/ Foundation \\\/ Steel Construction\",\"breadcrumb\":{\"@id\":\"https:\\\/\\\/www.epi-gmbh.com\\\/produktgruppen\\\/#breadcrumb\"},\"inLanguage\":\"en-US\",\"potentialAction\":[{\"@type\":\"ReadAction\",\"target\":[\"https:\\\/\\\/www.epi-gmbh.com\\\/produktgruppen\\\/\"]}]},{\"@type\":\"ImageObject\",\"inLanguage\":\"en-US\",\"@id\":\"https:\\\/\\\/www.epi-gmbh.com\\\/produktgruppen\\\/#primaryimage\",\"url\":\"https:\\\/\\\/www.epi-gmbh.com\\\/wp-content\\\/uploads\\\/Kellerverrohrung-1024x652.jpg\",\"contentUrl\":\"https:\\\/\\\/www.epi-gmbh.com\\\/wp-content\\\/uploads\\\/Kellerverrohrung-1024x652.jpg\"},{\"@type\":\"BreadcrumbList\",\"@id\":\"https:\\\/\\\/www.epi-gmbh.com\\\/produktgruppen\\\/#breadcrumb\",\"itemListElement\":[{\"@type\":\"ListItem\",\"position\":1,\"name\":\"Startseite\",\"item\":\"https:\\\/\\\/www.epi-gmbh.com\\\/\"},{\"@type\":\"ListItem\",\"position\":2,\"name\":\"Product groups\"}]},{\"@type\":\"WebSite\",\"@id\":\"https:\\\/\\\/www.epi-gmbh.com\\\/#website\",\"url\":\"https:\\\/\\\/www.epi-gmbh.com\\\/\",\"name\":\"EPI Industrieanlagenplanung GmbH\",\"description\":\"Rohrleitungs-, Maschinen- und Stahlbau\",\"publisher\":{\"@id\":\"https:\\\/\\\/www.epi-gmbh.com\\\/#organization\"},\"potentialAction\":[{\"@type\":\"SearchAction\",\"target\":{\"@type\":\"EntryPoint\",\"urlTemplate\":\"https:\\\/\\\/www.epi-gmbh.com\\\/?s={search_term_string}\"},\"query-input\":{\"@type\":\"PropertyValueSpecification\",\"valueRequired\":true,\"valueName\":\"search_term_string\"}}],\"inLanguage\":\"en-US\"},{\"@type\":\"Organization\",\"@id\":\"https:\\\/\\\/www.epi-gmbh.com\\\/#organization\",\"name\":\"EPI Industrieanlagenplanung GmbH\",\"url\":\"https:\\\/\\\/www.epi-gmbh.com\\\/\",\"logo\":{\"@type\":\"ImageObject\",\"inLanguage\":\"en-US\",\"@id\":\"https:\\\/\\\/www.epi-gmbh.com\\\/#\\\/schema\\\/logo\\\/image\\\/\",\"url\":\"https:\\\/\\\/www.epi-gmbh.com\\\/wp-content\\\/uploads\\\/EPI-Logo.jpg\",\"contentUrl\":\"https:\\\/\\\/www.epi-gmbh.com\\\/wp-content\\\/uploads\\\/EPI-Logo.jpg\",\"width\":256,\"height\":69,\"caption\":\"EPI Industrieanlagenplanung GmbH\"},\"image\":{\"@id\":\"https:\\\/\\\/www.epi-gmbh.com\\\/#\\\/schema\\\/logo\\\/image\\\/\"}}]}<\/script>\n<!-- \/ Yoast SEO plugin. -->","yoast_head_json":{"title":"Product groups EPI | EPI Industrieanlagenplanung GmbH","description":"Product groups EPI:\u00a0Interconnecting Piping \/ Machine Piping, Special Piping \/ Foundation \/ Steel Construction","robots":{"index":"index","follow":"follow","max-snippet":"max-snippet:-1","max-image-preview":"max-image-preview:large","max-video-preview":"max-video-preview:-1"},"canonical":"https:\/\/www.epi-gmbh.com\/produktgruppen\/","og_locale":"en_US","og_type":"article","og_title":"Product groups EPI | EPI Industrieanlagenplanung GmbH","og_description":"Product groups EPI:\u00a0Interconnecting Piping \/ Machine Piping, Special Piping \/ Foundation \/ Steel Construction","og_url":"https:\/\/www.epi-gmbh.com\/produktgruppen\/","og_site_name":"EPI Industrieanlagenplanung GmbH","article_modified_time":"2022-01-25T09:47:03+00:00","og_image":[{"url":"https:\/\/www.epi-gmbh.com\/wp-content\/uploads\/Kellerverrohrung-1024x652.jpg","type":"","width":"","height":""}],"twitter_card":"summary_large_image","schema":{"@context":"https:\/\/schema.org","@graph":[{"@type":"WebPage","@id":"https:\/\/www.epi-gmbh.com\/produktgruppen\/","url":"https:\/\/www.epi-gmbh.com\/produktgruppen\/","name":"Product groups EPI | EPI Industrieanlagenplanung GmbH","isPartOf":{"@id":"https:\/\/www.epi-gmbh.com\/#website"},"primaryImageOfPage":{"@id":"https:\/\/www.epi-gmbh.com\/produktgruppen\/#primaryimage"},"image":{"@id":"https:\/\/www.epi-gmbh.com\/produktgruppen\/#primaryimage"},"thumbnailUrl":"https:\/\/www.epi-gmbh.com\/wp-content\/uploads\/Kellerverrohrung-1024x652.jpg","datePublished":"2021-06-14T13:06:29+00:00","dateModified":"2022-01-25T09:47:03+00:00","description":"Product groups EPI:\u00a0Interconnecting Piping \/ Machine Piping, Special Piping \/ Foundation \/ Steel Construction","breadcrumb":{"@id":"https:\/\/www.epi-gmbh.com\/produktgruppen\/#breadcrumb"},"inLanguage":"en-US","potentialAction":[{"@type":"ReadAction","target":["https:\/\/www.epi-gmbh.com\/produktgruppen\/"]}]},{"@type":"ImageObject","inLanguage":"en-US","@id":"https:\/\/www.epi-gmbh.com\/produktgruppen\/#primaryimage","url":"https:\/\/www.epi-gmbh.com\/wp-content\/uploads\/Kellerverrohrung-1024x652.jpg","contentUrl":"https:\/\/www.epi-gmbh.com\/wp-content\/uploads\/Kellerverrohrung-1024x652.jpg"},{"@type":"BreadcrumbList","@id":"https:\/\/www.epi-gmbh.com\/produktgruppen\/#breadcrumb","itemListElement":[{"@type":"ListItem","position":1,"name":"Startseite","item":"https:\/\/www.epi-gmbh.com\/"},{"@type":"ListItem","position":2,"name":"Product groups"}]},{"@type":"WebSite","@id":"https:\/\/www.epi-gmbh.com\/#website","url":"https:\/\/www.epi-gmbh.com\/","name":"EPI Industrieanlagenplanung GmbH","description":"Rohrleitungs-, Maschinen- und Stahlbau","publisher":{"@id":"https:\/\/www.epi-gmbh.com\/#organization"},"potentialAction":[{"@type":"SearchAction","target":{"@type":"EntryPoint","urlTemplate":"https:\/\/www.epi-gmbh.com\/?s={search_term_string}"},"query-input":{"@type":"PropertyValueSpecification","valueRequired":true,"valueName":"search_term_string"}}],"inLanguage":"en-US"},{"@type":"Organization","@id":"https:\/\/www.epi-gmbh.com\/#organization","name":"EPI Industrieanlagenplanung GmbH","url":"https:\/\/www.epi-gmbh.com\/","logo":{"@type":"ImageObject","inLanguage":"en-US","@id":"https:\/\/www.epi-gmbh.com\/#\/schema\/logo\/image\/","url":"https:\/\/www.epi-gmbh.com\/wp-content\/uploads\/EPI-Logo.jpg","contentUrl":"https:\/\/www.epi-gmbh.com\/wp-content\/uploads\/EPI-Logo.jpg","width":256,"height":69,"caption":"EPI Industrieanlagenplanung GmbH"},"image":{"@id":"https:\/\/www.epi-gmbh.com\/#\/schema\/logo\/image\/"}}]}},"_links":{"self":[{"href":"https:\/\/www.epi-gmbh.com\/en\/wp-json\/wp\/v2\/pages\/305","targetHints":{"allow":["GET"]}}],"collection":[{"href":"https:\/\/www.epi-gmbh.com\/en\/wp-json\/wp\/v2\/pages"}],"about":[{"href":"https:\/\/www.epi-gmbh.com\/en\/wp-json\/wp\/v2\/types\/page"}],"author":[{"embeddable":true,"href":"https:\/\/www.epi-gmbh.com\/en\/wp-json\/wp\/v2\/users\/1"}],"replies":[{"embeddable":true,"href":"https:\/\/www.epi-gmbh.com\/en\/wp-json\/wp\/v2\/comments?post=305"}],"version-history":[{"count":11,"href":"https:\/\/www.epi-gmbh.com\/en\/wp-json\/wp\/v2\/pages\/305\/revisions"}],"predecessor-version":[{"id":1087,"href":"https:\/\/www.epi-gmbh.com\/en\/wp-json\/wp\/v2\/pages\/305\/revisions\/1087"}],"wp:attachment":[{"href":"https:\/\/www.epi-gmbh.com\/en\/wp-json\/wp\/v2\/media?parent=305"}],"curies":[{"name":"wp","href":"https:\/\/api.w.org\/{rel}","templated":true}]}}